{"id":7541,"date":"2024-05-27T12:50:57","date_gmt":"2024-05-27T10:50:57","guid":{"rendered":"https:\/\/lukasbarda.cz\/?page_id=7541"},"modified":"2025-04-11T11:25:22","modified_gmt":"2025-04-11T09:25:22","slug":"kurzy-ai-umela-inteligence","status":"publish","type":"page","link":"https:\/\/lukasbarda.cz\/english\/kurzy-ai-umela-inteligence\/","title":{"rendered":"AI Courses Artificial Intelligence"},"content":{"rendered":"<div data-elementor-type=\"wp-page\" data-elementor-id=\"7541\" class=\"elementor elementor-7541\" data-elementor-post-type=\"page\">\n\t\t\t\t\t\t<section class=\"elementor-section elementor-top-section elementor-element elementor-element-6166ee93 elementor-section-boxed elementor-section-height-default elementor-section-height-default\" data-id=\"6166ee93\" data-element_type=\"section\" data-e-type=\"section\" data-settings=\"{&quot;background_background&quot;:&quot;classic&quot;}\">\n\t\t\t\t\t\t\t<div class=\"elementor-background-overlay\"><\/div>\n\t\t\t\t\t\t\t<div class=\"elementor-container elementor-column-gap-default\">\n\t\t\t\t\t<div class=\"elementor-column elementor-col-100 elementor-top-column elementor-element elementor-element-6c6c069a\" data-id=\"6c6c069a\" data-element_type=\"column\" data-e-type=\"column\">\n\t\t\t<div class=\"elementor-widget-wrap elementor-element-populated\">\n\t\t\t\t\t\t<div class=\"elementor-element elementor-element-68c79223 elementor-widget elementor-widget-heading\" data-id=\"68c79223\" data-element_type=\"widget\" data-e-type=\"widget\" data-widget_type=\"heading.default\">\n\t\t\t\t<div class=\"elementor-widget-container\">\n\t\t\t\t\t<h2 class=\"elementor-heading-title elementor-size-default\">AI = Artificial Intelligence<\/h2>\t\t\t\t<\/div>\n\t\t\t\t<\/div>\n\t\t\t\t<div class=\"elementor-element elementor-element-500638c elementor-widget elementor-widget-text-editor\" data-id=\"500638c\" data-element_type=\"widget\" data-e-type=\"widget\" data-widget_type=\"text-editor.default\">\n\t\t\t\t<div class=\"elementor-widget-container\">\n\t\t\t\t\t\t\t\t\t<p>The future of work is here.<\/p><p>Are you ready for it? The revolution is already underway - be a part of it.<\/p>\t\t\t\t\t\t\t\t<\/div>\n\t\t\t\t<\/div>\n\t\t\t\t\t<\/div>\n\t\t<\/div>\n\t\t\t\t\t<\/div>\n\t\t<\/section>\n\t\t\t\t<section class=\"elementor-section elementor-top-section elementor-element elementor-element-ca28e71 elementor-section-boxed elementor-section-height-default elementor-section-height-default\" data-id=\"ca28e71\" data-element_type=\"section\" data-e-type=\"section\">\n\t\t\t\t\t\t<div class=\"elementor-container elementor-column-gap-default\">\n\t\t\t\t\t<div class=\"elementor-column elementor-col-100 elementor-top-column elementor-element elementor-element-73f7d91\" data-id=\"73f7d91\" data-element_type=\"column\" data-e-type=\"column\">\n\t\t\t<div class=\"elementor-widget-wrap elementor-element-populated\">\n\t\t\t\t\t\t<div class=\"elementor-element elementor-element-3e63fc9 elementor-widget-divider--view-line elementor-widget elementor-widget-divider\" data-id=\"3e63fc9\" data-element_type=\"widget\" data-e-type=\"widget\" data-widget_type=\"divider.default\">\n\t\t\t\t<div class=\"elementor-widget-container\">\n\t\t\t\t\t\t\t<div class=\"elementor-divider\">\n\t\t\t<span class=\"elementor-divider-separator\">\n\t\t\t\t\t\t<\/span>\n\t\t<\/div>\n\t\t\t\t\t\t<\/div>\n\t\t\t\t<\/div>\n\t\t\t\t\t<\/div>\n\t\t<\/div>\n\t\t\t\t\t<\/div>\n\t\t<\/section>\n\t\t\t\t<section class=\"elementor-section elementor-top-section elementor-element elementor-element-25ab06a elementor-section-boxed elementor-section-height-default elementor-section-height-default\" data-id=\"25ab06a\" data-element_type=\"section\" data-e-type=\"section\">\n\t\t\t\t\t\t<div class=\"elementor-container elementor-column-gap-default\">\n\t\t\t\t\t<div class=\"elementor-column elementor-col-100 elementor-top-column elementor-element elementor-element-dd0f9b9\" data-id=\"dd0f9b9\" data-element_type=\"column\" data-e-type=\"column\">\n\t\t\t<div class=\"elementor-widget-wrap elementor-element-populated\">\n\t\t\t\t\t\t<div class=\"elementor-element elementor-element-707cd3b elementor-widget elementor-widget-toggle\" data-id=\"707cd3b\" data-element_type=\"widget\" data-e-type=\"widget\" data-widget_type=\"toggle.default\">\n\t\t\t\t<div class=\"elementor-widget-container\">\n\t\t\t\t\t\t\t<div class=\"elementor-toggle\">\n\t\t\t\t\t\t\t<div class=\"elementor-toggle-item\">\n\t\t\t\t\t<div id=\"elementor-tab-title-1171\" class=\"elementor-tab-title\" data-tab=\"1\" role=\"button\" aria-controls=\"elementor-tab-content-1171\" aria-expanded=\"false\">\n\t\t\t\t\t\t\t\t\t\t\t\t<span class=\"elementor-toggle-icon elementor-toggle-icon-left\" aria-hidden=\"true\">\n\t\t\t\t\t\t\t\t\t\t\t\t\t\t\t<span class=\"elementor-toggle-icon-closed\"><i class=\"fas fa-angle-double-down\"><\/i><\/span>\n\t\t\t\t\t\t\t\t<span class=\"elementor-toggle-icon-opened\"><i class=\"elementor-toggle-icon-opened fas fa-caret-up\"><\/i><\/span>\n\t\t\t\t\t\t\t\t\t\t\t\t\t<\/span>\n\t\t\t\t\t\t\t\t\t\t\t\t<a class=\"elementor-toggle-title\" tabindex=\"0\">Introduction to AI: Artificial intelligence and the possibilities of its use in practice<\/a>\n\t\t\t\t\t<\/div>\n\n\t\t\t\t\t<div id=\"elementor-tab-content-1171\" class=\"elementor-tab-content elementor-clearfix\" data-tab=\"1\" role=\"region\" aria-labelledby=\"elementor-tab-title-1171\"><p><strong>Most common format:<\/strong><\/p>\n<ul>\n<li>2 hours to half a day<\/li>\n<li>It mostly serves as a motivational introduction to the topic of artificial intelligence<\/li>\n<li>I show things in practical examples from practice and in the tools they have at their disposal. So they can start using AI right away.<\/li>\n<li>As a webinar or offline event<\/li>\n<li>Czech or English<\/li>\n<\/ul><div><br><\/div>\n<p><strong>Annotation:<\/strong><\/p>\n<p>When the first publicly available AI models appeared in the fall of 2022, it was quite a shock. But AI has been with us for a long time. It is used, for example, in your Google services or Apple devices. But ChatGPT brought a revolution. A lot of people are interested in AI tools, asking about them, or expecting that this technology will be available to end users within a few years. This is not the case because these tools are available now. We just often can&#039;t find them, use them or are afraid of them. The future of work is here. Are you ready for it? The revolution is already underway - be a part of it.<\/p>\n<p>The aim is for the trainees to leave with better awareness, concrete examples and practical skills of using AI tools. This will allow you to use these tools more effectively in your work and be better prepared for the challenges and opportunities that artificial intelligence brings.<\/p>\n<p><strong>Benefits for the participant:<\/strong><\/p>\n<ul>\n<li style=\"list-style-type: none;\">\n<\/li>\n<ul>\n<li>Motivation to use AI tools<\/li>\n<li>Basic understanding and overview of AI technologies<\/li>\n<li>Understanding the difference between Google search engine and AI tools<\/li>\n<li>The most common scenarios for how AI tools can be used in work and personal life<\/li>\n<li>Overview of trends and outlook for the future<\/li>\n<\/ul>\n<\/ul>\n<div><br><\/div>\n<div><br><\/div>\n<p><a class=\"elementor-button elementor-button-link\" style=\"background-color: #5e8526; color: white;\" href=\"https:\/\/lukasbarda.cz\/english\/#kontakt\">I am interested in<br><\/a><\/p><\/div>\n\t\t\t\t<\/div>\n\t\t\t\t\t\t\t<div class=\"elementor-toggle-item\">\n\t\t\t\t\t<div id=\"elementor-tab-title-1172\" class=\"elementor-tab-title\" data-tab=\"2\" role=\"button\" aria-controls=\"elementor-tab-content-1172\" aria-expanded=\"false\">\n\t\t\t\t\t\t\t\t\t\t\t\t<span class=\"elementor-toggle-icon elementor-toggle-icon-left\" aria-hidden=\"true\">\n\t\t\t\t\t\t\t\t\t\t\t\t\t\t\t<span class=\"elementor-toggle-icon-closed\"><i class=\"fas fa-angle-double-down\"><\/i><\/span>\n\t\t\t\t\t\t\t\t<span class=\"elementor-toggle-icon-opened\"><i class=\"elementor-toggle-icon-opened fas fa-caret-up\"><\/i><\/span>\n\t\t\t\t\t\t\t\t\t\t\t\t\t<\/span>\n\t\t\t\t\t\t\t\t\t\t\t\t<a class=\"elementor-toggle-title\" tabindex=\"0\">AI in practice: Scenarios from life and tips for everyday use<\/a>\n\t\t\t\t\t<\/div>\n\n\t\t\t\t\t<div id=\"elementor-tab-content-1172\" class=\"elementor-tab-content elementor-clearfix\" data-tab=\"2\" role=\"region\" aria-labelledby=\"elementor-tab-title-1172\"><p><strong>Most common format:<\/strong><\/p>\n<ul>\n<li>2 hours to half a day<\/li>\n<li>This event loosely follows\/expands the introductory training above.&nbsp;<\/li><li>We go into even more detail and practice with the participants. However, it can also be done independently according to your needs.<\/li>\n<li>As a webinar or offline event<\/li>\n<li>Czech or English<\/li>\n<\/ul>\n<div><br><\/div>\n<p><strong>Annotation:<\/strong><\/p>\n<p>This workshop focuses on introducing and using key tools based on artificial intelligence (AI). You will get to know and learn to use the most common ones. For example, ChatGPT, Copilot from Microsoft, Gemini from Google and similar tools. AI tools are popping up like mushrooms, some you may be using, others you may never have heard of. We will go through all those that can be helpful to you at work and you can start using them right away during the training.<\/p>\n<p>At the event, you will understand the key tools, their principles and practical applications so that you can use their potential within your field of activity. For example, you will learn to work with content, generate text, search better and work with information. Of course, these tools also have their own rules of use and limitations - we&#039;ll take a look at those as well.<\/p>\n<p><strong>Benefits for the participant:<\/strong><\/p>\n<ul>\n<li>Motivation to use AI tools<\/li>\n<li>Understanding how to work effectively and successfully with the most well-known tools on the market \u2013 ChatGPT, Copilot, Gemini, etc.<\/li>\n<li>The most common scenarios for how AI tools can be used in work and personal life<\/li>\n<\/ul>\n<div><br><\/div>\n<div><br><\/div>\n<p><a class=\"elementor-button elementor-button-link\" style=\"background-color: #5e8526; color: white;\" href=\"https:\/\/lukasbarda.cz\/english\/#kontakt\">I am interested in<br><\/a><\/p><\/div>\n\t\t\t\t<\/div>\n\t\t\t\t\t\t\t<div class=\"elementor-toggle-item\">\n\t\t\t\t\t<div id=\"elementor-tab-title-1173\" class=\"elementor-tab-title\" data-tab=\"3\" role=\"button\" aria-controls=\"elementor-tab-content-1173\" aria-expanded=\"false\">\n\t\t\t\t\t\t\t\t\t\t\t\t<span class=\"elementor-toggle-icon elementor-toggle-icon-left\" aria-hidden=\"true\">\n\t\t\t\t\t\t\t\t\t\t\t\t\t\t\t<span class=\"elementor-toggle-icon-closed\"><i class=\"fas fa-angle-double-down\"><\/i><\/span>\n\t\t\t\t\t\t\t\t<span class=\"elementor-toggle-icon-opened\"><i class=\"elementor-toggle-icon-opened fas fa-caret-up\"><\/i><\/span>\n\t\t\t\t\t\t\t\t\t\t\t\t\t<\/span>\n\t\t\t\t\t\t\t\t\t\t\t\t<a class=\"elementor-toggle-title\" tabindex=\"0\">AI in practice: Key tools and their use in everyday life<\/a>\n\t\t\t\t\t<\/div>\n\n\t\t\t\t\t<div id=\"elementor-tab-content-1173\" class=\"elementor-tab-content elementor-clearfix\" data-tab=\"3\" role=\"region\" aria-labelledby=\"elementor-tab-title-1173\"><p><strong>Most common format:<\/strong><\/p>\n<ul>\n<li>Half day to full day<\/li>\n<li>The best of AI in one event, ideally for the whole day (introduction to AI and practical demonstrations and real scenarios from practice)<\/li>\n<li>As a webinar or offline event<\/li>\n<li>Czech or English<\/li>\n<\/ul><div><br><\/div>\n<p><strong>Annotation:<\/strong><\/p>\n<p>This workshop offers insight into key artificial intelligence (AI)-based tools and their practical applications. We have a whole range of tools, some you may use, others you may never have heard of. We will go through all the ones that can be helpful to you and you can start using them right away during the training.<\/p>\n<p>At the event, you will understand the key tools, their principles and practical applications so that you can use their potential within your field of activity. For example, you will learn how to work with content, generate text and images, or better search and work with information. Of course, these tools also have their own rules of use and limitations - we will look at those as well.<\/p>\n<p>The goal is for you to leave the training with better awareness, concrete examples and practical skills in using AI tools. This will allow you to use these tools more effectively in your work and be better prepared for the challenges and opportunities that the future of artificial intelligence brings.<\/p>\n<p><strong>Benefit for the participant:<\/strong><\/p>\n<ul>\n<li>Overview of basic AI tools, their way of working and capabilities<\/li>\n<li>An overview of current trends and the future of AI tools<\/li>\n<li>The best of ChatGPT and Copilot in action<\/li>\n<li>Understanding how AI tools can be useful to you<\/li>\n<li>You will see what to watch out for when using it and what limitations there are<\/li>\n<li>You will see concrete examples and scenarios of how AI tools can be used<\/li>\n<li>The event is conducted with an emphasis on interactivity, practical demonstrations and benefits for participants.<\/li>\n<\/ul>\n<div><br><\/div>\n<div><br><\/div>\n<p><\/p>\n<p><a class=\"elementor-button elementor-button-link\" style=\"background-color: #5e8526; color: white;\" href=\"https:\/\/lukasbarda.cz\/english\/#kontakt\">I am interested in<br><\/a><\/p><\/div>\n\t\t\t\t<\/div>\n\t\t\t\t\t\t\t<div class=\"elementor-toggle-item\">\n\t\t\t\t\t<div id=\"elementor-tab-title-1174\" class=\"elementor-tab-title\" data-tab=\"4\" role=\"button\" aria-controls=\"elementor-tab-content-1174\" aria-expanded=\"false\">\n\t\t\t\t\t\t\t\t\t\t\t\t<span class=\"elementor-toggle-icon elementor-toggle-icon-left\" aria-hidden=\"true\">\n\t\t\t\t\t\t\t\t\t\t\t\t\t\t\t<span class=\"elementor-toggle-icon-closed\"><i class=\"fas fa-angle-double-down\"><\/i><\/span>\n\t\t\t\t\t\t\t\t<span class=\"elementor-toggle-icon-opened\"><i class=\"elementor-toggle-icon-opened fas fa-caret-up\"><\/i><\/span>\n\t\t\t\t\t\t\t\t\t\t\t\t\t<\/span>\n\t\t\t\t\t\t\t\t\t\t\t\t<a class=\"elementor-toggle-title\" tabindex=\"0\">Microsoft Copilot: Practical Uses and Prompting Basics<\/a>\n\t\t\t\t\t<\/div>\n\n\t\t\t\t\t<div id=\"elementor-tab-content-1174\" class=\"elementor-tab-content elementor-clearfix\" data-tab=\"4\" role=\"region\" aria-labelledby=\"elementor-tab-title-1174\"><p><strong>Most common format:<\/strong><\/p>\n<ul>\n<li>2 hours to half a day<\/li>\n<li>This event loosely follows\/expands the introductory training above.&nbsp;<\/li>\n<li>We go into even more detail and practice with the participants. However, it can also be done independently according to your needs.<\/li>\n<li>As a webinar or offline event<\/li>\n<li>Czech or English<\/li>\n<\/ul>\n<p><strong>&nbsp;<\/strong><\/p>\n<p><strong>Annotation:<\/strong><\/p>\n<p>Generative tools and artificial intelligence (AI) are revolutionizing everything from content creation to automating routine tasks. This event will introduce you to the basics of generative AI, introduce Microsoft Copilot, and show you how you can use it effectively in your work. You will learn how it works and how it can simplify your daily tasks.<\/p>\n<p>The foundation of effective use of generative tools is the art of prompting \u2013 that is, providing clear and targeted instructions that lead to the desired results. You will learn how to create prompts that maximize the quality of the output. We will focus on techniques and procedures that will ensure that AI tools deliver the most relevant and high-quality answers.<\/p>\n<p>You will learn how to adapt prompts to different situations and optimize results for specific needs. You will gain practical knowledge that you can immediately apply to your practice.<\/p>\n<p><strong>Benefits for the participant:<\/strong><\/p>\n<ul>\n<li>Basics of generative AI and its applications in practice<\/li>\n<li>Getting to know Microsoft Copilot<\/li>\n<li>Tips and tricks for maximizing the results of working with it<\/li>\n<li>Ability to create effective prompts for various tasks<\/li>\n<\/ul><div><br><\/div><div><br><\/div>\n<p><a class=\"elementor-button elementor-button-link\" style=\"background-color: #5e8526; color: white;\" href=\"https:\/\/lukasbarda.cz\/english\/#kontakt\">I am interested in<br><\/a><\/p><\/div>\n\t\t\t\t<\/div>\n\t\t\t\t\t\t\t\t<\/div>\n\t\t\t\t\t\t<\/div>\n\t\t\t\t<\/div>\n\t\t\t\t\t<\/div>\n\t\t<\/div>\n\t\t\t\t\t<\/div>\n\t\t<\/section>\n\t\t\t\t<section class=\"elementor-section elementor-top-section elementor-element elementor-element-2dffb81 elementor-section-boxed elementor-section-height-default elementor-section-height-default\" data-id=\"2dffb81\" data-element_type=\"section\" data-e-type=\"section\">\n\t\t\t\t\t\t<div class=\"elementor-container elementor-column-gap-default\">\n\t\t\t\t\t<div class=\"elementor-column elementor-col-100 elementor-top-column elementor-element elementor-element-3aaa9f5\" data-id=\"3aaa9f5\" data-element_type=\"column\" data-e-type=\"column\">\n\t\t\t<div class=\"elementor-widget-wrap elementor-element-populated\">\n\t\t\t\t\t\t<div class=\"elementor-element elementor-element-2ab9f41 elementor-widget elementor-widget-spacer\" data-id=\"2ab9f41\" data-element_type=\"widget\" data-e-type=\"widget\" data-widget_type=\"spacer.default\">\n\t\t\t\t<div class=\"elementor-widget-container\">\n\t\t\t\t\t\t\t<div class=\"elementor-spacer\">\n\t\t\t<div class=\"elementor-spacer-inner\"><\/div>\n\t\t<\/div>\n\t\t\t\t\t\t<\/div>\n\t\t\t\t<\/div>\n\t\t\t\t\t<\/div>\n\t\t<\/div>\n\t\t\t\t\t<\/div>\n\t\t<\/section>\n\t\t\t\t<section class=\"elementor-section elementor-top-section elementor-element elementor-element-fa2ab99 elementor-section-boxed elementor-section-height-default elementor-section-height-default\" data-id=\"fa2ab99\" data-element_type=\"section\" data-e-type=\"section\">\n\t\t\t\t\t\t<div class=\"elementor-container elementor-column-gap-default\">\n\t\t\t\t\t<div class=\"elementor-column elementor-col-50 elementor-top-column elementor-element elementor-element-90fa521\" data-id=\"90fa521\" data-element_type=\"column\" data-e-type=\"column\">\n\t\t\t<div class=\"elementor-widget-wrap elementor-element-populated\">\n\t\t\t\t\t\t<div class=\"elementor-element elementor-element-a3eee3c elementor-align-center elementor-widget elementor-widget-button\" data-id=\"a3eee3c\" data-element_type=\"widget\" data-e-type=\"widget\" data-widget_type=\"button.default\">\n\t\t\t\t<div class=\"elementor-widget-container\">\n\t\t\t\t\t\t\t\t\t<div class=\"elementor-button-wrapper\">\n\t\t\t\t\t<a class=\"elementor-button elementor-button-link elementor-size-sm\" href=\"https:\/\/lukasbarda.cz\/english\/kurzy-digitalni-rovnovahy\/\">\n\t\t\t\t\t\t<span class=\"elementor-button-content-wrapper\">\n\t\t\t\t\t\t\t\t\t<span class=\"elementor-button-text\">Digital balance training offer<\/span>\n\t\t\t\t\t<\/span>\n\t\t\t\t\t<\/a>\n\t\t\t\t<\/div>\n\t\t\t\t\t\t\t\t<\/div>\n\t\t\t\t<\/div>\n\t\t\t\t\t<\/div>\n\t\t<\/div>\n\t\t\t\t<div class=\"elementor-column elementor-col-50 elementor-top-column elementor-element elementor-element-6e37a5d\" data-id=\"6e37a5d\" data-element_type=\"column\" data-e-type=\"column\">\n\t\t\t<div class=\"elementor-widget-wrap elementor-element-populated\">\n\t\t\t\t\t\t<div class=\"elementor-element elementor-element-84cb8e1 elementor-align-center elementor-widget elementor-widget-button\" data-id=\"84cb8e1\" data-element_type=\"widget\" data-e-type=\"widget\" data-widget_type=\"button.default\">\n\t\t\t\t<div class=\"elementor-widget-container\">\n\t\t\t\t\t\t\t\t\t<div class=\"elementor-button-wrapper\">\n\t\t\t\t\t<a class=\"elementor-button elementor-button-link elementor-size-sm\" href=\"https:\/\/lukasbarda.cz\/english\/kurzy-digitalni-dovednosti\/\">\n\t\t\t\t\t\t<span class=\"elementor-button-content-wrapper\">\n\t\t\t\t\t\t\t\t\t<span class=\"elementor-button-text\">Offer digital skills training<\/span>\n\t\t\t\t\t<\/span>\n\t\t\t\t\t<\/a>\n\t\t\t\t<\/div>\n\t\t\t\t\t\t\t\t<\/div>\n\t\t\t\t<\/div>\n\t\t\t\t\t<\/div>\n\t\t<\/div>\n\t\t\t\t\t<\/div>\n\t\t<\/section>\n\t\t\t\t<\/div>","protected":false},"excerpt":{"rendered":"<p>AI = Um\u011bl\u00e1 inteligence Budoucnost pr\u00e1ce je tady. Jste na ni p\u0159ipraveni? Revoluce u\u017e prob\u00edh\u00e1 \u2013 bu\u010fte jej\u00ed sou\u010d\u00e1st\u00ed. \u00davod do AI: Um\u011bl\u00e1 inteligence a mo\u017enosti jej\u00edho vyu\u017eit\u00ed v praxi Nej\u010dast\u011bj\u0161\u00ed form\u00e1t: 2 hod a\u017e p\u016flden V\u011bt\u0161inou slou\u017e\u00ed jako motiva\u010dn\u00ed \u00favod do t\u00e9matu um\u011bl\u00e9 inteligence V\u011bci ukazuji na praktick\u00fdch uk\u00e1zk\u00e1ch z praxe a v n\u00e1stroj\u00edch, [&hellip;]<\/p>\n","protected":false},"author":5,"featured_media":0,"parent":0,"menu_order":0,"comment_status":"closed","ping_status":"closed","template":"","meta":{"footnotes":""},"class_list":["post-7541","page","type-page","status-publish","hentry"],"aioseo_notices":[],"_links":{"self":[{"href":"https:\/\/lukasbarda.cz\/english\/wp-json\/wp\/v2\/pages\/7541","targetHints":{"allow":["GET"]}}],"collection":[{"href":"https:\/\/lukasbarda.cz\/english\/wp-json\/wp\/v2\/pages"}],"about":[{"href":"https:\/\/lukasbarda.cz\/english\/wp-json\/wp\/v2\/types\/page"}],"author":[{"embeddable":true,"href":"https:\/\/lukasbarda.cz\/english\/wp-json\/wp\/v2\/users\/5"}],"replies":[{"embeddable":true,"href":"https:\/\/lukasbarda.cz\/english\/wp-json\/wp\/v2\/comments?post=7541"}],"version-history":[{"count":0,"href":"https:\/\/lukasbarda.cz\/english\/wp-json\/wp\/v2\/pages\/7541\/revisions"}],"wp:attachment":[{"href":"https:\/\/lukasbarda.cz\/english\/wp-json\/wp\/v2\/media?parent=7541"}],"curies":[{"name":"wp","href":"https:\/\/api.w.org\/{rel}","templated":true}]}}