{"id":7533,"date":"2024-05-27T12:55:38","date_gmt":"2024-05-27T10:55:38","guid":{"rendered":"https:\/\/lukasbarda.cz\/?page_id=7533"},"modified":"2025-01-28T20:53:04","modified_gmt":"2025-01-28T19:53:04","slug":"kurzy-digitalni-dovednosti","status":"publish","type":"page","link":"https:\/\/lukasbarda.cz\/english\/kurzy-digitalni-dovednosti\/","title":{"rendered":"Digital skills courses"},"content":{"rendered":"<div data-elementor-type=\"wp-page\" data-elementor-id=\"7533\" class=\"elementor elementor-7533\" data-elementor-post-type=\"page\">\n\t\t\t\t\t\t<section class=\"elementor-section elementor-top-section elementor-element elementor-element-6166ee93 elementor-section-boxed elementor-section-height-default elementor-section-height-default\" data-id=\"6166ee93\" data-element_type=\"section\" data-e-type=\"section\" data-settings=\"{&quot;background_background&quot;:&quot;classic&quot;}\">\n\t\t\t\t\t\t\t<div class=\"elementor-background-overlay\"><\/div>\n\t\t\t\t\t\t\t<div class=\"elementor-container elementor-column-gap-default\">\n\t\t\t\t\t<div class=\"elementor-column elementor-col-100 elementor-top-column elementor-element elementor-element-6c6c069a\" data-id=\"6c6c069a\" data-element_type=\"column\" data-e-type=\"column\">\n\t\t\t<div class=\"elementor-widget-wrap elementor-element-populated\">\n\t\t\t\t\t\t<div class=\"elementor-element elementor-element-68c79223 elementor-widget elementor-widget-heading\" data-id=\"68c79223\" data-element_type=\"widget\" data-e-type=\"widget\" data-widget_type=\"heading.default\">\n\t\t\t\t<div class=\"elementor-widget-container\">\n\t\t\t\t\t<h2 class=\"elementor-heading-title elementor-size-default\">Digital skills<\/h2>\t\t\t\t<\/div>\n\t\t\t\t<\/div>\n\t\t\t\t<div class=\"elementor-element elementor-element-500638c elementor-widget elementor-widget-text-editor\" data-id=\"500638c\" data-element_type=\"widget\" data-e-type=\"widget\" data-widget_type=\"text-editor.default\">\n\t\t\t\t<div class=\"elementor-widget-container\">\n\t\t\t\t\t\t\t\t\t<p><span style=\"font-weight: 400;\">Get your bearings in the digital world. <\/span><\/p><p><span style=\"font-weight: 400;\">Find out, for example, how to communicate productively with colleagues, but also how to pass on knowledge to your children about the pitfalls of the online environment.<\/span><\/p>\t\t\t\t\t\t\t\t<\/div>\n\t\t\t\t<\/div>\n\t\t\t\t\t<\/div>\n\t\t<\/div>\n\t\t\t\t\t<\/div>\n\t\t<\/section>\n\t\t\t\t<section class=\"elementor-section elementor-top-section elementor-element elementor-element-ca28e71 elementor-section-boxed elementor-section-height-default elementor-section-height-default\" data-id=\"ca28e71\" data-element_type=\"section\" data-e-type=\"section\">\n\t\t\t\t\t\t<div class=\"elementor-container elementor-column-gap-default\">\n\t\t\t\t\t<div class=\"elementor-column elementor-col-100 elementor-top-column elementor-element elementor-element-73f7d91\" data-id=\"73f7d91\" data-element_type=\"column\" data-e-type=\"column\">\n\t\t\t<div class=\"elementor-widget-wrap elementor-element-populated\">\n\t\t\t\t\t\t<div class=\"elementor-element elementor-element-3e63fc9 elementor-widget-divider--view-line elementor-widget elementor-widget-divider\" data-id=\"3e63fc9\" data-element_type=\"widget\" data-e-type=\"widget\" data-widget_type=\"divider.default\">\n\t\t\t\t<div class=\"elementor-widget-container\">\n\t\t\t\t\t\t\t<div class=\"elementor-divider\">\n\t\t\t<span class=\"elementor-divider-separator\">\n\t\t\t\t\t\t<\/span>\n\t\t<\/div>\n\t\t\t\t\t\t<\/div>\n\t\t\t\t<\/div>\n\t\t\t\t\t<\/div>\n\t\t<\/div>\n\t\t\t\t\t<\/div>\n\t\t<\/section>\n\t\t\t\t<section class=\"elementor-section elementor-top-section elementor-element elementor-element-2586057 elementor-section-boxed elementor-section-height-default elementor-section-height-default\" data-id=\"2586057\" data-element_type=\"section\" data-e-type=\"section\">\n\t\t\t\t\t\t<div class=\"elementor-container elementor-column-gap-default\">\n\t\t\t\t\t<div class=\"elementor-column elementor-col-100 elementor-top-column elementor-element elementor-element-2b8d29f\" data-id=\"2b8d29f\" data-element_type=\"column\" data-e-type=\"column\">\n\t\t\t<div class=\"elementor-widget-wrap elementor-element-populated\">\n\t\t\t\t\t\t<div class=\"elementor-element elementor-element-d715587 elementor-widget elementor-widget-toggle\" data-id=\"d715587\" data-element_type=\"widget\" data-e-type=\"widget\" data-widget_type=\"toggle.default\">\n\t\t\t\t<div class=\"elementor-widget-container\">\n\t\t\t\t\t\t\t<div class=\"elementor-toggle\">\n\t\t\t\t\t\t\t<div class=\"elementor-toggle-item\">\n\t\t\t\t\t<div id=\"elementor-tab-title-2251\" class=\"elementor-tab-title\" data-tab=\"1\" role=\"button\" aria-controls=\"elementor-tab-content-2251\" aria-expanded=\"false\">\n\t\t\t\t\t\t\t\t\t\t\t\t<span class=\"elementor-toggle-icon elementor-toggle-icon-left\" aria-hidden=\"true\">\n\t\t\t\t\t\t\t\t\t\t\t\t\t\t\t<span class=\"elementor-toggle-icon-closed\"><i class=\"fas fa-angle-double-down\"><\/i><\/span>\n\t\t\t\t\t\t\t\t<span class=\"elementor-toggle-icon-opened\"><i class=\"elementor-toggle-icon-opened fas fa-caret-up\"><\/i><\/span>\n\t\t\t\t\t\t\t\t\t\t\t\t\t<\/span>\n\t\t\t\t\t\t\t\t\t\t\t\t<a class=\"elementor-toggle-title\" tabindex=\"0\">Digital productivity and tools<\/a>\n\t\t\t\t\t<\/div>\n\n\t\t\t\t\t<div id=\"elementor-tab-content-2251\" class=\"elementor-tab-content elementor-clearfix\" data-tab=\"1\" role=\"region\" aria-labelledby=\"elementor-tab-title-2251\"><p>Have you ever thought about how many things online are waiting for our attention? When I counted my communication channels, there were more than ten of them. Notifications and announcements popped up at me almost everywhere. I was like a fireman - a lot of the time I was putting out whatever was on fire and I wasn&#039;t able to proactively create anything. With corona and working from home, the situation has become even more difficult, and creating or completing something is even more difficult thanks to the online environment.<\/p><p>It helped me move into active mode, experiment with different productivity systems, find and implement mine. It combines several well-known approaches, from which I use the most useful principles. I tried them out and found planning and goal setting tricks that I&#039;m happy to share. There will also be other tips on how to use tools such as To-Do, Planner or Whiteboard from Microsoft or Trello and Miro from other manufacturers.<\/p><p>But productivity is also about discipline. How to get something done when I don&#039;t feel like it or the boss isn&#039;t looking. We will talk about that too. There are a lot of techniques, hacks, tips, tricks and apps that can make life more pleasant and easier. I will be happy to show and explain them to you.<br \/><br \/><br \/><\/p><p><strong>Benefit for the participant:<\/strong><\/p><ul><li>You will learn the best of personal productivity systems - such as GTD, Pomodoro, Zero Inbox, the Pareto Rule, the Eisenhower Matrix and 60:40 planning<\/li><li>You&#039;ll learn how to use technology and tools to make life easier with an emphasis on those you already have<\/li><li>You will get techniques, tips and tricks on how to work better with tasks and emails and how to have more time for important things and people in your life<\/li><li>There will also be a section on how to apply all approaches and techniques to your team<\/li><li>You will see everything in practice<\/li><\/ul><p>\u00a0<\/p><p><a class=\"elementor-button elementor-button-link\" style=\"background-color: #5e8526; color: white;\" href=\"https:\/\/lukasbarda.cz\/english\/#kontakt\"><br \/>I am interested in<br \/><\/a><\/p><\/div>\n\t\t\t\t<\/div>\n\t\t\t\t\t\t\t<div class=\"elementor-toggle-item\">\n\t\t\t\t\t<div id=\"elementor-tab-title-2252\" class=\"elementor-tab-title\" data-tab=\"2\" role=\"button\" aria-controls=\"elementor-tab-content-2252\" aria-expanded=\"false\">\n\t\t\t\t\t\t\t\t\t\t\t\t<span class=\"elementor-toggle-icon elementor-toggle-icon-left\" aria-hidden=\"true\">\n\t\t\t\t\t\t\t\t\t\t\t\t\t\t\t<span class=\"elementor-toggle-icon-closed\"><i class=\"fas fa-angle-double-down\"><\/i><\/span>\n\t\t\t\t\t\t\t\t<span class=\"elementor-toggle-icon-opened\"><i class=\"elementor-toggle-icon-opened fas fa-caret-up\"><\/i><\/span>\n\t\t\t\t\t\t\t\t\t\t\t\t\t<\/span>\n\t\t\t\t\t\t\t\t\t\t\t\t<a class=\"elementor-toggle-title\" tabindex=\"0\">Digital tools for hybrid collaboration<\/a>\n\t\t\t\t\t<\/div>\n\n\t\t\t\t\t<div id=\"elementor-tab-content-2252\" class=\"elementor-tab-content elementor-clearfix\" data-tab=\"2\" role=\"region\" aria-labelledby=\"elementor-tab-title-2252\"><p>A recent survey shows that only 3% companies intend to work only physically. The rest of the organizations have some experience with hybrid operation. Cooperation in teams or its management is always a challenge. It is no different in online or hybrid operation. The situation is made all the more complicated by the fact that people often do not live in one place. For that reason, there is a need to use digital tools and set usage rules.<\/p><p>Every offline tool has its digital alternative. Whether it&#039;s a notebook for notes or a place where the whole team can draw and come up with new things. Although people have them at their disposal, they often do not know about them, cannot or do not want to use them. But this can be helped by non-violent education and explaining that the use of such tools has added value and is not pointless. Once the team has defined the tool, the setting of cooperation rules and continuity must not be missing. Otherwise, the implementation attempt often turns into failure and leads to further mistrust of other digital tools.<\/p><p>The goal of this training is for participants to gain awareness of the basic principles of task processing, to be able to choose appropriate digital tools for themselves and the team, and to be able to use the most common tools for team collaboration. They will thus acquire practical skills, techniques and rules that will enable them to make better use of digital tools and increase productivity and efficiency in their work.<br \/><br \/><br \/><strong>Benefit for the participant:<\/strong><\/p><ul><li>Explanation of the basic flow and processing of tasks according to GTD<\/li><li>How to choose the right tool for yourself and your team<\/li><li>Examples of the most common tools for team collaboration<\/li><li>Sharing what works or doesn&#039;t work<\/li><li>Tips for other digital tools for hybrid operation<\/li><\/ul><p><br \/><a class=\"elementor-button elementor-button-link\" style=\"background-color: #5e8526; color: white;\" href=\"https:\/\/lukasbarda.cz\/english\/#kontakt\"><br \/>I am interested in<br \/><\/a><\/p><\/div>\n\t\t\t\t<\/div>\n\t\t\t\t\t\t\t<div class=\"elementor-toggle-item\">\n\t\t\t\t\t<div id=\"elementor-tab-title-2253\" class=\"elementor-tab-title\" data-tab=\"3\" role=\"button\" aria-controls=\"elementor-tab-content-2253\" aria-expanded=\"false\">\n\t\t\t\t\t\t\t\t\t\t\t\t<span class=\"elementor-toggle-icon elementor-toggle-icon-left\" aria-hidden=\"true\">\n\t\t\t\t\t\t\t\t\t\t\t\t\t\t\t<span class=\"elementor-toggle-icon-closed\"><i class=\"fas fa-angle-double-down\"><\/i><\/span>\n\t\t\t\t\t\t\t\t<span class=\"elementor-toggle-icon-opened\"><i class=\"elementor-toggle-icon-opened fas fa-caret-up\"><\/i><\/span>\n\t\t\t\t\t\t\t\t\t\t\t\t\t<\/span>\n\t\t\t\t\t\t\t\t\t\t\t\t<a class=\"elementor-toggle-title\" tabindex=\"0\">The basics of cyber security<\/a>\n\t\t\t\t\t<\/div>\n\n\t\t\t\t\t<div id=\"elementor-tab-content-2253\" class=\"elementor-tab-content elementor-clearfix\" data-tab=\"3\" role=\"region\" aria-labelledby=\"elementor-tab-title-2253\"><div class=\"elementor-element elementor-element-7dc864a2 elementor-widget elementor-widget-text-editor\" data-id=\"7dc864a2\" data-element_type=\"widget\" data-widget_type=\"text-editor.default\"><div class=\"elementor-widget-container\"><p>Come understand why it&#039;s important to remember safety and adopt habits that will help you stay safe. Safety doesn&#039;t have to be boring, bullying and bans. See for yourself in a fun way and with examples from practice.<br \/><br \/><br \/><\/p><p><strong>Benefit for the participant:<\/strong><\/p><ul><li>We will explain the basic concepts and techniques of Internet and IT security.<\/li><li>You will understand why it is necessary to pay attention to safety.<\/li><li>We will touch on the issue of passwords and digital identity.<\/li><li>We will show you &quot;how a hacker works&quot;, examples of the most common attacks and defenses against them.<\/li><li>You will see how our activity is tracked on the Internet and what can be done about it.<\/li><\/ul><\/div><\/div><div class=\"elementor-element elementor-element-74a55887 elementor-align-left elementor-mobile-align-center elementor-widget elementor-widget-button\" data-id=\"74a55887\" data-element_type=\"widget\" data-widget_type=\"button.default\"><div class=\"elementor-widget-container\"><div class=\"elementor-button-wrapper\">\u00a0<\/div><\/div><\/div><p><a class=\"elementor-button elementor-button-link\" style=\"background-color: #5e8526; color: white;\" href=\"https:\/\/lukasbarda.cz\/english\/#kontakt\"><br \/>I am interested in<br \/><\/a><\/p><\/div>\n\t\t\t\t<\/div>\n\t\t\t\t\t\t\t\t<\/div>\n\t\t\t\t\t\t<\/div>\n\t\t\t\t<\/div>\n\t\t\t\t\t<\/div>\n\t\t<\/div>\n\t\t\t\t\t<\/div>\n\t\t<\/section>\n\t\t\t\t<section class=\"elementor-section elementor-top-section elementor-element elementor-element-dc778bb elementor-section-boxed elementor-section-height-default elementor-section-height-default\" data-id=\"dc778bb\" data-element_type=\"section\" data-e-type=\"section\">\n\t\t\t\t\t\t<div class=\"elementor-container elementor-column-gap-default\">\n\t\t\t\t\t<div class=\"elementor-column elementor-col-100 elementor-top-column elementor-element elementor-element-70867b2\" data-id=\"70867b2\" data-element_type=\"column\" data-e-type=\"column\">\n\t\t\t<div class=\"elementor-widget-wrap elementor-element-populated\">\n\t\t\t\t\t\t<div class=\"elementor-element elementor-element-6fb38b8 elementor-widget elementor-widget-spacer\" data-id=\"6fb38b8\" data-element_type=\"widget\" data-e-type=\"widget\" data-widget_type=\"spacer.default\">\n\t\t\t\t<div class=\"elementor-widget-container\">\n\t\t\t\t\t\t\t<div class=\"elementor-spacer\">\n\t\t\t<div class=\"elementor-spacer-inner\"><\/div>\n\t\t<\/div>\n\t\t\t\t\t\t<\/div>\n\t\t\t\t<\/div>\n\t\t\t\t\t<\/div>\n\t\t<\/div>\n\t\t\t\t\t<\/div>\n\t\t<\/section>\n\t\t\t\t<section class=\"elementor-section elementor-top-section elementor-element elementor-element-fa2ab99 elementor-section-boxed elementor-section-height-default elementor-section-height-default\" data-id=\"fa2ab99\" data-element_type=\"section\" data-e-type=\"section\">\n\t\t\t\t\t\t<div class=\"elementor-container elementor-column-gap-default\">\n\t\t\t\t\t<div class=\"elementor-column elementor-col-50 elementor-top-column elementor-element elementor-element-90fa521\" data-id=\"90fa521\" data-element_type=\"column\" data-e-type=\"column\">\n\t\t\t<div class=\"elementor-widget-wrap elementor-element-populated\">\n\t\t\t\t\t\t<div class=\"elementor-element elementor-element-a3eee3c elementor-align-center elementor-widget elementor-widget-button\" data-id=\"a3eee3c\" data-element_type=\"widget\" data-e-type=\"widget\" data-widget_type=\"button.default\">\n\t\t\t\t<div class=\"elementor-widget-container\">\n\t\t\t\t\t\t\t\t\t<div class=\"elementor-button-wrapper\">\n\t\t\t\t\t<a class=\"elementor-button elementor-button-link elementor-size-sm\" href=\"https:\/\/lukasbarda.cz\/english\/kurzy-digitalni-rovnovahy\/\">\n\t\t\t\t\t\t<span class=\"elementor-button-content-wrapper\">\n\t\t\t\t\t\t\t\t\t<span class=\"elementor-button-text\">Digital balance training offer<\/span>\n\t\t\t\t\t<\/span>\n\t\t\t\t\t<\/a>\n\t\t\t\t<\/div>\n\t\t\t\t\t\t\t\t<\/div>\n\t\t\t\t<\/div>\n\t\t\t\t\t<\/div>\n\t\t<\/div>\n\t\t\t\t<div class=\"elementor-column elementor-col-50 elementor-top-column elementor-element elementor-element-6e37a5d\" data-id=\"6e37a5d\" data-element_type=\"column\" data-e-type=\"column\">\n\t\t\t<div class=\"elementor-widget-wrap elementor-element-populated\">\n\t\t\t\t\t\t<div class=\"elementor-element elementor-element-84cb8e1 elementor-align-center elementor-widget elementor-widget-button\" data-id=\"84cb8e1\" data-element_type=\"widget\" data-e-type=\"widget\" data-widget_type=\"button.default\">\n\t\t\t\t<div class=\"elementor-widget-container\">\n\t\t\t\t\t\t\t\t\t<div class=\"elementor-button-wrapper\">\n\t\t\t\t\t<a class=\"elementor-button elementor-button-link elementor-size-sm\" href=\"https:\/\/lukasbarda.cz\/english\/kurzy-ai-umela-inteligence\/\">\n\t\t\t\t\t\t<span class=\"elementor-button-content-wrapper\">\n\t\t\t\t\t\t\t\t\t<span class=\"elementor-button-text\">AI (Artificial Intelligence) training offer<\/span>\n\t\t\t\t\t<\/span>\n\t\t\t\t\t<\/a>\n\t\t\t\t<\/div>\n\t\t\t\t\t\t\t\t<\/div>\n\t\t\t\t<\/div>\n\t\t\t\t\t<\/div>\n\t\t<\/div>\n\t\t\t\t\t<\/div>\n\t\t<\/section>\n\t\t\t\t<\/div>","protected":false},"excerpt":{"rendered":"<p>Digit\u00e1ln\u00ed dovednosti Zorientujte se v digit\u00e1ln\u00edm sv\u011bt\u011b. Zjist\u011bte nap\u0159\u00edklad, jak produktivn\u011b komunikovat s kolegy, ale i jak p\u0159edat sv\u00fdm d\u011btem v\u011bdomosti o n\u00e1strah\u00e1ch online prost\u0159ed\u00ed. Digit\u00e1ln\u00ed produktivita a n\u00e1stroje P\u0159em\u00fd\u0161leli jste n\u011bkdy o tom, kolik v\u011bc\u00ed \u010d\u00edh\u00e1 v online prost\u0159ed\u00ed na na\u0161i pozornost? Kdy\u017e jsem si spo\u010d\u00edtal sv\u00e9 komunika\u010dn\u00ed kan\u00e1ly bylo jich v\u00edc ne\u017e deset. [&hellip;]<\/p>\n","protected":false},"author":5,"featured_media":0,"parent":0,"menu_order":0,"comment_status":"closed","ping_status":"closed","template":"","meta":{"footnotes":""},"class_list":["post-7533","page","type-page","status-publish","hentry"],"aioseo_notices":[],"_links":{"self":[{"href":"https:\/\/lukasbarda.cz\/english\/wp-json\/wp\/v2\/pages\/7533","targetHints":{"allow":["GET"]}}],"collection":[{"href":"https:\/\/lukasbarda.cz\/english\/wp-json\/wp\/v2\/pages"}],"about":[{"href":"https:\/\/lukasbarda.cz\/english\/wp-json\/wp\/v2\/types\/page"}],"author":[{"embeddable":true,"href":"https:\/\/lukasbarda.cz\/english\/wp-json\/wp\/v2\/users\/5"}],"replies":[{"embeddable":true,"href":"https:\/\/lukasbarda.cz\/english\/wp-json\/wp\/v2\/comments?post=7533"}],"version-history":[{"count":0,"href":"https:\/\/lukasbarda.cz\/english\/wp-json\/wp\/v2\/pages\/7533\/revisions"}],"wp:attachment":[{"href":"https:\/\/lukasbarda.cz\/english\/wp-json\/wp\/v2\/media?parent=7533"}],"curies":[{"name":"wp","href":"https:\/\/api.w.org\/{rel}","templated":true}]}}