{"id":6496,"date":"2023-07-05T19:39:52","date_gmt":"2023-07-05T17:39:52","guid":{"rendered":"https:\/\/lukasbarda.cz\/?page_id=6496"},"modified":"2024-02-21T14:40:19","modified_gmt":"2024-02-21T13:40:19","slug":"digiandhappy","status":"publish","type":"page","link":"https:\/\/lukasbarda.cz\/english\/digiandhappy\/","title":{"rendered":"Digi and Happy Community"},"content":{"rendered":"<div data-elementor-type=\"wp-page\" data-elementor-id=\"6496\" class=\"elementor elementor-6496\" data-elementor-post-type=\"page\">\n\t\t\t\t\t\t<section class=\"elementor-section elementor-top-section elementor-element elementor-element-f5f9375 elementor-section-boxed elementor-section-height-default elementor-section-height-default\" data-id=\"f5f9375\" data-element_type=\"section\" data-e-type=\"section\">\n\t\t\t\t\t\t<div class=\"elementor-container elementor-column-gap-default\">\n\t\t\t\t\t<div class=\"elementor-column elementor-col-100 elementor-top-column elementor-element elementor-element-ef59d8c\" data-id=\"ef59d8c\" data-element_type=\"column\" data-e-type=\"column\">\n\t\t\t<div class=\"elementor-widget-wrap elementor-element-populated\">\n\t\t\t\t\t\t<div class=\"elementor-element elementor-element-d8b0d68 elementor-widget elementor-widget-image\" data-id=\"d8b0d68\" data-element_type=\"widget\" data-e-type=\"widget\" data-widget_type=\"image.default\">\n\t\t\t\t<div class=\"elementor-widget-container\">\n\t\t\t\t\t\t\t\t\t\t\t\t\t\t\t<img fetchpriority=\"high\" decoding=\"async\" width=\"1536\" height=\"799\" src=\"https:\/\/lukasbarda.cz\/wp-content\/uploads\/2024\/01\/Komunita-uvodni-obrazek1-1536x799.jpg\" class=\"attachment-1536x1536 size-1536x1536 wp-image-7509\" alt=\"\" srcset=\"https:\/\/lukasbarda.cz\/wp-content\/uploads\/2024\/01\/Komunita-uvodni-obrazek1-1536x799.jpg 1536w, https:\/\/lukasbarda.cz\/wp-content\/uploads\/2024\/01\/Komunita-uvodni-obrazek1-600x312.jpg 600w, https:\/\/lukasbarda.cz\/wp-content\/uploads\/2024\/01\/Komunita-uvodni-obrazek1-300x156.jpg 300w, https:\/\/lukasbarda.cz\/wp-content\/uploads\/2024\/01\/Komunita-uvodni-obrazek1-1024x532.jpg 1024w, https:\/\/lukasbarda.cz\/wp-content\/uploads\/2024\/01\/Komunita-uvodni-obrazek1-768x399.jpg 768w, https:\/\/lukasbarda.cz\/wp-content\/uploads\/2024\/01\/Komunita-uvodni-obrazek1-2048x1065.jpg 2048w, https:\/\/lukasbarda.cz\/wp-content\/uploads\/2024\/01\/Komunita-uvodni-obrazek1-18x9.jpg 18w\" sizes=\"(max-width: 1536px) 100vw, 1536px\" \/>\t\t\t\t\t\t\t\t\t\t\t\t\t\t\t<\/div>\n\t\t\t\t<\/div>\n\t\t\t\t\t<\/div>\n\t\t<\/div>\n\t\t\t\t\t<\/div>\n\t\t<\/section>\n\t\t\t\t<section class=\"elementor-section elementor-top-section elementor-element elementor-element-6170a5f elementor-section-boxed elementor-section-height-default elementor-section-height-default\" data-id=\"6170a5f\" data-element_type=\"section\" data-e-type=\"section\">\n\t\t\t\t\t\t<div class=\"elementor-container elementor-column-gap-default\">\n\t\t\t\t\t<div class=\"elementor-column elementor-col-50 elementor-top-column elementor-element elementor-element-54f521f\" data-id=\"54f521f\" data-element_type=\"column\" data-e-type=\"column\">\n\t\t\t<div class=\"elementor-widget-wrap elementor-element-populated\">\n\t\t\t\t\t\t<div class=\"elementor-element elementor-element-458192e elementor-widget elementor-widget-text-editor\" data-id=\"458192e\" data-element_type=\"widget\" data-e-type=\"widget\" data-widget_type=\"text-editor.default\">\n\t\t\t\t<div class=\"elementor-widget-container\">\n\t\t\t\t\t\t\t\t\t<p><strong>DIGI AND HAPPY<\/strong><\/p><p>COMMUNITY<\/p>\t\t\t\t\t\t\t\t<\/div>\n\t\t\t\t<\/div>\n\t\t\t\t\t<\/div>\n\t\t<\/div>\n\t\t\t\t<div class=\"elementor-column elementor-col-50 elementor-top-column elementor-element elementor-element-af9329b\" data-id=\"af9329b\" data-element_type=\"column\" data-e-type=\"column\">\n\t\t\t<div class=\"elementor-widget-wrap elementor-element-populated\">\n\t\t\t\t\t\t<div class=\"elementor-element elementor-element-000d565 elementor-align-center elementor-widget elementor-widget-button\" data-id=\"000d565\" data-element_type=\"widget\" data-e-type=\"widget\" data-widget_type=\"button.default\">\n\t\t\t\t<div class=\"elementor-widget-container\">\n\t\t\t\t\t\t\t\t\t<div class=\"elementor-button-wrapper\">\n\t\t\t\t\t<a class=\"elementor-button elementor-button-link elementor-size-md\" href=\"https:\/\/herohero.co\/digiandhappy\" target=\"_blank\">\n\t\t\t\t\t\t<span class=\"elementor-button-content-wrapper\">\n\t\t\t\t\t\t<span class=\"elementor-button-icon\">\n\t\t\t\t<i aria-hidden=\"true\" class=\"fas fa-arrow-right\"><\/i>\t\t\t<\/span>\n\t\t\t\t\t\t\t\t\t<span class=\"elementor-button-text\">Be digi and happy too<\/span>\n\t\t\t\t\t<\/span>\n\t\t\t\t\t<\/a>\n\t\t\t\t<\/div>\n\t\t\t\t\t\t\t\t<\/div>\n\t\t\t\t<\/div>\n\t\t\t\t\t<\/div>\n\t\t<\/div>\n\t\t\t\t\t<\/div>\n\t\t<\/section>\n\t\t\t\t<section class=\"elementor-section elementor-top-section elementor-element elementor-element-f78b479 elementor-section-boxed elementor-section-height-default elementor-section-height-default\" data-id=\"f78b479\" data-element_type=\"section\" data-e-type=\"section\" data-settings=\"{&quot;background_background&quot;:&quot;classic&quot;}\">\n\t\t\t\t\t\t\t<div class=\"elementor-background-overlay\"><\/div>\n\t\t\t\t\t\t\t<div class=\"elementor-container elementor-column-gap-default\">\n\t\t\t\t\t<div class=\"elementor-column elementor-col-25 elementor-top-column elementor-element elementor-element-63d93b5\" data-id=\"63d93b5\" data-element_type=\"column\" data-e-type=\"column\">\n\t\t\t<div class=\"elementor-widget-wrap elementor-element-populated\">\n\t\t\t\t\t\t<div class=\"elementor-element elementor-element-c126b72 elementor-widget-mobile__width-initial elementor-hidden-mobile elementor-widget elementor-widget-image\" data-id=\"c126b72\" data-element_type=\"widget\" data-e-type=\"widget\" data-widget_type=\"image.default\">\n\t\t\t\t<div class=\"elementor-widget-container\">\n\t\t\t\t\t\t\t\t\t\t\t\t\t\t\t<img decoding=\"async\" width=\"800\" height=\"1000\" src=\"https:\/\/lukasbarda.cz\/wp-content\/uploads\/2023\/07\/Komunita4.jpg\" class=\"attachment-large size-large wp-image-6512\" alt=\"\" srcset=\"https:\/\/lukasbarda.cz\/wp-content\/uploads\/2023\/07\/Komunita4.jpg 800w, https:\/\/lukasbarda.cz\/wp-content\/uploads\/2023\/07\/Komunita4-600x750.jpg 600w, https:\/\/lukasbarda.cz\/wp-content\/uploads\/2023\/07\/Komunita4-240x300.jpg 240w, https:\/\/lukasbarda.cz\/wp-content\/uploads\/2023\/07\/Komunita4-768x960.jpg 768w, https:\/\/lukasbarda.cz\/wp-content\/uploads\/2023\/07\/Komunita4-10x12.jpg 10w\" sizes=\"(max-width: 800px) 100vw, 800px\" \/>\t\t\t\t\t\t\t\t\t\t\t\t\t\t\t<\/div>\n\t\t\t\t<\/div>\n\t\t\t\t\t<\/div>\n\t\t<\/div>\n\t\t\t\t<div class=\"elementor-column elementor-col-25 elementor-top-column elementor-element elementor-element-de32bbc\" data-id=\"de32bbc\" data-element_type=\"column\" data-e-type=\"column\">\n\t\t\t<div class=\"elementor-widget-wrap elementor-element-populated\">\n\t\t\t\t\t\t<div class=\"elementor-element elementor-element-e97bc30 elementor-widget-mobile__width-initial elementor-widget elementor-widget-image\" data-id=\"e97bc30\" data-element_type=\"widget\" data-e-type=\"widget\" data-widget_type=\"image.default\">\n\t\t\t\t<div class=\"elementor-widget-container\">\n\t\t\t\t\t\t\t\t\t\t\t\t\t\t\t<img decoding=\"async\" width=\"800\" height=\"1000\" src=\"https:\/\/lukasbarda.cz\/wp-content\/uploads\/2023\/07\/Komunita3.jpg\" class=\"attachment-large size-large wp-image-6511\" alt=\"\" srcset=\"https:\/\/lukasbarda.cz\/wp-content\/uploads\/2023\/07\/Komunita3.jpg 800w, https:\/\/lukasbarda.cz\/wp-content\/uploads\/2023\/07\/Komunita3-600x750.jpg 600w, https:\/\/lukasbarda.cz\/wp-content\/uploads\/2023\/07\/Komunita3-240x300.jpg 240w, https:\/\/lukasbarda.cz\/wp-content\/uploads\/2023\/07\/Komunita3-768x960.jpg 768w, https:\/\/lukasbarda.cz\/wp-content\/uploads\/2023\/07\/Komunita3-10x12.jpg 10w\" sizes=\"(max-width: 800px) 100vw, 800px\" \/>\t\t\t\t\t\t\t\t\t\t\t\t\t\t\t<\/div>\n\t\t\t\t<\/div>\n\t\t\t\t\t<\/div>\n\t\t<\/div>\n\t\t\t\t<div class=\"elementor-column elementor-col-50 elementor-top-column elementor-element elementor-element-6e875c4\" data-id=\"6e875c4\" data-element_type=\"column\" data-e-type=\"column\">\n\t\t\t<div class=\"elementor-widget-wrap elementor-element-populated\">\n\t\t\t\t\t\t<div class=\"elementor-element elementor-element-9f31370 elementor-widget elementor-widget-text-editor\" data-id=\"9f31370\" data-element_type=\"widget\" data-e-type=\"widget\" data-widget_type=\"text-editor.default\">\n\t\t\t\t<div class=\"elementor-widget-container\">\n\t\t\t\t\t\t\t\t\t<h2 style=\"text-align: left;\"><strong><span class=\"WdYUQQ text-decoration-none text-strikethrough-none\">A community for everyone who doesn&#039;t want to let technology get in over their heads.<\/span><\/strong><\/h2><h5 class=\"_04xlpA direction-ltr align-start para-style-body\" style=\"text-align: left;\"><span class=\"WdYUQQ text-decoration-none text-strikethrough-none\">You will learn information on how to properly set up your mobile phone. You will get tips for digital well-being and safety on the Internet.<\/span><\/h5><h5 class=\"_04xlpA direction-ltr align-start para-style-body\" style=\"text-align: left;\"><span class=\"WdYUQQ text-decoration-none text-strikethrough-none\">But most importantly, you will become a member of a community with common interests.<\/span><\/h5>\t\t\t\t\t\t\t\t<\/div>\n\t\t\t\t<\/div>\n\t\t\t\t\t<\/div>\n\t\t<\/div>\n\t\t\t\t\t<\/div>\n\t\t<\/section>\n\t\t\t\t<section class=\"elementor-section elementor-top-section elementor-element elementor-element-e57287d elementor-section-boxed elementor-section-height-default elementor-section-height-default\" data-id=\"e57287d\" data-element_type=\"section\" data-e-type=\"section\">\n\t\t\t\t\t\t<div class=\"elementor-container elementor-column-gap-default\">\n\t\t\t\t\t<div class=\"elementor-column elementor-col-100 elementor-top-column elementor-element elementor-element-feb2ef5\" data-id=\"feb2ef5\" data-element_type=\"column\" data-e-type=\"column\">\n\t\t\t<div class=\"elementor-widget-wrap elementor-element-populated\">\n\t\t\t\t\t\t<div class=\"elementor-element elementor-element-63e0ddb elementor-widget elementor-widget-spacer\" data-id=\"63e0ddb\" data-element_type=\"widget\" data-e-type=\"widget\" data-widget_type=\"spacer.default\">\n\t\t\t\t<div class=\"elementor-widget-container\">\n\t\t\t\t\t\t\t<div class=\"elementor-spacer\">\n\t\t\t<div class=\"elementor-spacer-inner\"><\/div>\n\t\t<\/div>\n\t\t\t\t\t\t<\/div>\n\t\t\t\t<\/div>\n\t\t\t\t\t<\/div>\n\t\t<\/div>\n\t\t\t\t\t<\/div>\n\t\t<\/section>\n\t\t\t\t<section class=\"elementor-section elementor-top-section elementor-element elementor-element-bd5ac8e elementor-section-boxed elementor-section-height-default elementor-section-height-default\" data-id=\"bd5ac8e\" data-element_type=\"section\" data-e-type=\"section\">\n\t\t\t\t\t\t<div class=\"elementor-container elementor-column-gap-default\">\n\t\t\t\t\t<div class=\"elementor-column elementor-col-100 elementor-top-column elementor-element elementor-element-499557d\" data-id=\"499557d\" data-element_type=\"column\" data-e-type=\"column\">\n\t\t\t<div class=\"elementor-widget-wrap elementor-element-populated\">\n\t\t\t\t\t\t<div class=\"elementor-element elementor-element-6f6304a elementor-widget elementor-widget-text-editor\" data-id=\"6f6304a\" data-element_type=\"widget\" data-e-type=\"widget\" data-widget_type=\"text-editor.default\">\n\t\t\t\t<div class=\"elementor-widget-container\">\n\t\t\t\t\t\t\t\t\t<p class=\"_04xlpA direction-ltr align-center para-style-body\" style=\"text-align: center;\"><span class=\"WdYUQQ text-decoration-none text-strikethrough-none\">To us technology <\/span><span class=\"WdYUQQ text-decoration-none text-strikethrough-none\">they didn&#039;t go overboard.<\/span><\/p>\t\t\t\t\t\t\t\t<\/div>\n\t\t\t\t<\/div>\n\t\t\t\t\t<\/div>\n\t\t<\/div>\n\t\t\t\t\t<\/div>\n\t\t<\/section>\n\t\t\t\t<section class=\"elementor-section elementor-top-section elementor-element elementor-element-3cbcf21 elementor-section-boxed elementor-section-height-default elementor-section-height-default\" data-id=\"3cbcf21\" data-element_type=\"section\" data-e-type=\"section\">\n\t\t\t\t\t\t<div class=\"elementor-container elementor-column-gap-default\">\n\t\t\t\t\t<div class=\"elementor-column elementor-col-33 elementor-top-column elementor-element elementor-element-e4ee08c\" data-id=\"e4ee08c\" data-element_type=\"column\" data-e-type=\"column\">\n\t\t\t<div class=\"elementor-widget-wrap elementor-element-populated\">\n\t\t\t\t\t\t<div class=\"elementor-element elementor-element-6546c9a elementor-position-top elementor-widget elementor-widget-image-box\" data-id=\"6546c9a\" data-element_type=\"widget\" data-e-type=\"widget\" data-widget_type=\"image-box.default\">\n\t\t\t\t<div class=\"elementor-widget-container\">\n\t\t\t\t\t<div class=\"elementor-image-box-wrapper\"><figure class=\"elementor-image-box-img\"><img loading=\"lazy\" decoding=\"async\" width=\"1000\" height=\"800\" src=\"https:\/\/lukasbarda.cz\/wp-content\/uploads\/2023\/07\/Komunita5.jpg\" class=\"attachment-full size-full wp-image-6515\" alt=\"\" srcset=\"https:\/\/lukasbarda.cz\/wp-content\/uploads\/2023\/07\/Komunita5.jpg 1000w, https:\/\/lukasbarda.cz\/wp-content\/uploads\/2023\/07\/Komunita5-600x480.jpg 600w, https:\/\/lukasbarda.cz\/wp-content\/uploads\/2023\/07\/Komunita5-300x240.jpg 300w, https:\/\/lukasbarda.cz\/wp-content\/uploads\/2023\/07\/Komunita5-768x614.jpg 768w, https:\/\/lukasbarda.cz\/wp-content\/uploads\/2023\/07\/Komunita5-15x12.jpg 15w\" sizes=\"(max-width: 1000px) 100vw, 1000px\" \/><\/figure><div class=\"elementor-image-box-content\"><h4 class=\"elementor-image-box-title\">What is the Digi and Happy community?<\/h4><p class=\"elementor-image-box-description\">It is the right place to get and share information related to digital technologies.<\/p><\/div><\/div>\t\t\t\t<\/div>\n\t\t\t\t<\/div>\n\t\t\t\t\t<\/div>\n\t\t<\/div>\n\t\t\t\t<div class=\"elementor-column elementor-col-33 elementor-top-column elementor-element elementor-element-ad256db\" data-id=\"ad256db\" data-element_type=\"column\" data-e-type=\"column\">\n\t\t\t<div class=\"elementor-widget-wrap elementor-element-populated\">\n\t\t\t\t\t\t<div class=\"elementor-element elementor-element-c6fe44b elementor-position-top elementor-widget elementor-widget-image-box\" data-id=\"c6fe44b\" data-element_type=\"widget\" data-e-type=\"widget\" data-widget_type=\"image-box.default\">\n\t\t\t\t<div class=\"elementor-widget-container\">\n\t\t\t\t\t<div class=\"elementor-image-box-wrapper\"><figure class=\"elementor-image-box-img\"><img loading=\"lazy\" decoding=\"async\" width=\"1000\" height=\"800\" src=\"https:\/\/lukasbarda.cz\/wp-content\/uploads\/2023\/07\/Komunita7.jpg\" class=\"attachment-full size-full wp-image-6513\" alt=\"\" srcset=\"https:\/\/lukasbarda.cz\/wp-content\/uploads\/2023\/07\/Komunita7.jpg 1000w, https:\/\/lukasbarda.cz\/wp-content\/uploads\/2023\/07\/Komunita7-600x480.jpg 600w, https:\/\/lukasbarda.cz\/wp-content\/uploads\/2023\/07\/Komunita7-300x240.jpg 300w, https:\/\/lukasbarda.cz\/wp-content\/uploads\/2023\/07\/Komunita7-768x614.jpg 768w, https:\/\/lukasbarda.cz\/wp-content\/uploads\/2023\/07\/Komunita7-15x12.jpg 15w\" sizes=\"(max-width: 1000px) 100vw, 1000px\" \/><\/figure><div class=\"elementor-image-box-content\"><h4 class=\"elementor-image-box-title\">What&#039;s going on in the community?<\/h4><p class=\"elementor-image-box-description\">Digital Balance | Digital Productivity | Internet Security | Raising children in the online world<\/p><\/div><\/div>\t\t\t\t<\/div>\n\t\t\t\t<\/div>\n\t\t\t\t\t<\/div>\n\t\t<\/div>\n\t\t\t\t<div class=\"elementor-column elementor-col-33 elementor-top-column elementor-element elementor-element-5ee9352\" data-id=\"5ee9352\" data-element_type=\"column\" data-e-type=\"column\">\n\t\t\t<div class=\"elementor-widget-wrap elementor-element-populated\">\n\t\t\t\t\t\t<div class=\"elementor-element elementor-element-6587fe0 elementor-position-top elementor-widget elementor-widget-image-box\" data-id=\"6587fe0\" data-element_type=\"widget\" data-e-type=\"widget\" data-widget_type=\"image-box.default\">\n\t\t\t\t<div class=\"elementor-widget-container\">\n\t\t\t\t\t<div class=\"elementor-image-box-wrapper\"><figure class=\"elementor-image-box-img\"><img loading=\"lazy\" decoding=\"async\" width=\"1000\" height=\"800\" src=\"https:\/\/lukasbarda.cz\/wp-content\/uploads\/2023\/07\/Komunita6.jpg\" class=\"attachment-full size-full wp-image-6514\" alt=\"\" srcset=\"https:\/\/lukasbarda.cz\/wp-content\/uploads\/2023\/07\/Komunita6.jpg 1000w, https:\/\/lukasbarda.cz\/wp-content\/uploads\/2023\/07\/Komunita6-600x480.jpg 600w, https:\/\/lukasbarda.cz\/wp-content\/uploads\/2023\/07\/Komunita6-300x240.jpg 300w, https:\/\/lukasbarda.cz\/wp-content\/uploads\/2023\/07\/Komunita6-768x614.jpg 768w, https:\/\/lukasbarda.cz\/wp-content\/uploads\/2023\/07\/Komunita6-15x12.jpg 15w\" sizes=\"(max-width: 1000px) 100vw, 1000px\" \/><\/figure><div class=\"elementor-image-box-content\"><h4 class=\"elementor-image-box-title\">What can you look forward to?<\/h4><p class=\"elementor-image-box-description\">Mobile Setup Guide | Tips for Digital Wellbeing and Safety | A community with common interests<\/p><\/div><\/div>\t\t\t\t<\/div>\n\t\t\t\t<\/div>\n\t\t\t\t\t<\/div>\n\t\t<\/div>\n\t\t\t\t\t<\/div>\n\t\t<\/section>\n\t\t\t\t<section class=\"elementor-section elementor-top-section elementor-element elementor-element-3c62839 elementor-section-boxed elementor-section-height-default elementor-section-height-default\" data-id=\"3c62839\" data-element_type=\"section\" data-e-type=\"section\">\n\t\t\t\t\t\t<div class=\"elementor-container elementor-column-gap-default\">\n\t\t\t\t\t<div class=\"elementor-column elementor-col-100 elementor-top-column elementor-element elementor-element-d822619\" data-id=\"d822619\" data-element_type=\"column\" data-e-type=\"column\">\n\t\t\t<div class=\"elementor-widget-wrap elementor-element-populated\">\n\t\t\t\t\t\t<div class=\"elementor-element elementor-element-5a26a04 elementor-widget elementor-widget-spacer\" data-id=\"5a26a04\" data-element_type=\"widget\" data-e-type=\"widget\" data-widget_type=\"spacer.default\">\n\t\t\t\t<div class=\"elementor-widget-container\">\n\t\t\t\t\t\t\t<div class=\"elementor-spacer\">\n\t\t\t<div class=\"elementor-spacer-inner\"><\/div>\n\t\t<\/div>\n\t\t\t\t\t\t<\/div>\n\t\t\t\t<\/div>\n\t\t\t\t\t<\/div>\n\t\t<\/div>\n\t\t\t\t\t<\/div>\n\t\t<\/section>\n\t\t\t\t<section class=\"elementor-section elementor-top-section elementor-element elementor-element-42a7b44 elementor-section-boxed elementor-section-height-default elementor-section-height-default\" data-id=\"42a7b44\" data-element_type=\"section\" data-e-type=\"section\" data-settings=\"{&quot;background_background&quot;:&quot;classic&quot;}\">\n\t\t\t\t\t\t<div class=\"elementor-container elementor-column-gap-default\">\n\t\t\t\t\t<div class=\"elementor-column elementor-col-66 elementor-top-column elementor-element elementor-element-5d97ede\" data-id=\"5d97ede\" data-element_type=\"column\" data-e-type=\"column\">\n\t\t\t<div class=\"elementor-widget-wrap elementor-element-populated\">\n\t\t\t\t\t\t<div class=\"elementor-element elementor-element-fa9cb48 elementor-widget elementor-widget-video\" data-id=\"fa9cb48\" data-element_type=\"widget\" data-e-type=\"widget\" data-settings=\"{&quot;youtube_url&quot;:&quot;https:\\\/\\\/youtu.be\\\/oNzxt4k8XB4&quot;,&quot;video_type&quot;:&quot;youtube&quot;,&quot;controls&quot;:&quot;yes&quot;}\" data-widget_type=\"video.default\">\n\t\t\t\t<div class=\"elementor-widget-container\">\n\t\t\t\t\t\t\t<div class=\"elementor-wrapper elementor-open-inline\">\n\t\t\t<div class=\"elementor-video\"><\/div>\t\t<\/div>\n\t\t\t\t\t\t<\/div>\n\t\t\t\t<\/div>\n\t\t\t\t<div class=\"elementor-element elementor-element-5c3351e elementor-hidden-mobile elementor-widget elementor-widget-spacer\" data-id=\"5c3351e\" data-element_type=\"widget\" data-e-type=\"widget\" data-widget_type=\"spacer.default\">\n\t\t\t\t<div class=\"elementor-widget-container\">\n\t\t\t\t\t\t\t<div class=\"elementor-spacer\">\n\t\t\t<div class=\"elementor-spacer-inner\"><\/div>\n\t\t<\/div>\n\t\t\t\t\t\t<\/div>\n\t\t\t\t<\/div>\n\t\t\t\t\t<\/div>\n\t\t<\/div>\n\t\t\t\t<div class=\"elementor-column elementor-col-33 elementor-top-column elementor-element elementor-element-65a9f6b\" data-id=\"65a9f6b\" data-element_type=\"column\" data-e-type=\"column\">\n\t\t\t<div class=\"elementor-widget-wrap elementor-element-populated\">\n\t\t\t\t\t\t<div class=\"elementor-element elementor-element-9c9fbce elementor-widget elementor-widget-text-editor\" data-id=\"9c9fbce\" data-element_type=\"widget\" data-e-type=\"widget\" data-widget_type=\"text-editor.default\">\n\t\t\t\t<div class=\"elementor-widget-container\">\n\t\t\t\t\t\t\t\t\t<h2 style=\"text-align: center;\"><span class=\"WdYUQQ text-decoration-none text-strikethrough-none\">Why the community\u00a0<\/span><span class=\"WdYUQQ text-decoration-none text-strikethrough-none\">Digi and Happy?<\/span><\/h2><div>\u00a0<\/div><p>Luk\u00e1\u0161 and Zuzka will tell you in the video who the community is intended for and what you can look forward to.<\/p>\t\t\t\t\t\t\t\t<\/div>\n\t\t\t\t<\/div>\n\t\t\t\t\t<\/div>\n\t\t<\/div>\n\t\t\t\t\t<\/div>\n\t\t<\/section>\n\t\t\t\t<section class=\"elementor-section elementor-top-section elementor-element elementor-element-0564359 elementor-section-boxed elementor-section-height-default elementor-section-height-default\" data-id=\"0564359\" data-element_type=\"section\" data-e-type=\"section\">\n\t\t\t\t\t\t<div class=\"elementor-container elementor-column-gap-default\">\n\t\t\t\t\t<div class=\"elementor-column elementor-col-100 elementor-top-column elementor-element elementor-element-a1a0b14\" data-id=\"a1a0b14\" data-element_type=\"column\" data-e-type=\"column\">\n\t\t\t<div class=\"elementor-widget-wrap elementor-element-populated\">\n\t\t\t\t\t\t<div class=\"elementor-element elementor-element-ec7b50d elementor-widget elementor-widget-spacer\" data-id=\"ec7b50d\" data-element_type=\"widget\" data-e-type=\"widget\" data-widget_type=\"spacer.default\">\n\t\t\t\t<div class=\"elementor-widget-container\">\n\t\t\t\t\t\t\t<div class=\"elementor-spacer\">\n\t\t\t<div class=\"elementor-spacer-inner\"><\/div>\n\t\t<\/div>\n\t\t\t\t\t\t<\/div>\n\t\t\t\t<\/div>\n\t\t\t\t\t<\/div>\n\t\t<\/div>\n\t\t\t\t\t<\/div>\n\t\t<\/section>\n\t\t\t\t<section class=\"elementor-section elementor-top-section elementor-element elementor-element-c03ea5f elementor-section-boxed elementor-section-height-default elementor-section-height-default\" data-id=\"c03ea5f\" data-element_type=\"section\" data-e-type=\"section\">\n\t\t\t\t\t\t<div class=\"elementor-container elementor-column-gap-default\">\n\t\t\t\t\t<div class=\"elementor-column elementor-col-100 elementor-top-column elementor-element elementor-element-1d02146\" data-id=\"1d02146\" data-element_type=\"column\" data-e-type=\"column\">\n\t\t\t<div class=\"elementor-widget-wrap elementor-element-populated\">\n\t\t\t\t\t\t<div class=\"elementor-element elementor-element-3a02616 elementor-widget elementor-widget-text-editor\" data-id=\"3a02616\" data-element_type=\"widget\" data-e-type=\"widget\" data-widget_type=\"text-editor.default\">\n\t\t\t\t<div class=\"elementor-widget-container\">\n\t\t\t\t\t\t\t\t\t<p style=\"text-align: center;\"><span class=\"WdYUQQ text-decoration-none text-strikethrough-none\">YOU TOO JOIN US<\/span><\/p>\t\t\t\t\t\t\t\t<\/div>\n\t\t\t\t<\/div>\n\t\t\t\t\t<\/div>\n\t\t<\/div>\n\t\t\t\t\t<\/div>\n\t\t<\/section>\n\t\t\t\t<section class=\"elementor-section elementor-top-section elementor-element elementor-element-43b1587 elementor-section-boxed elementor-section-height-default elementor-section-height-default\" data-id=\"43b1587\" data-element_type=\"section\" data-e-type=\"section\">\n\t\t\t\t\t\t<div class=\"elementor-container elementor-column-gap-default\">\n\t\t\t\t\t<div class=\"elementor-column elementor-col-100 elementor-top-column elementor-element elementor-element-ce91226\" data-id=\"ce91226\" data-element_type=\"column\" data-e-type=\"column\">\n\t\t\t<div class=\"elementor-widget-wrap elementor-element-populated\">\n\t\t\t\t\t\t<div class=\"elementor-element elementor-element-e861588 elementor-align-center elementor-widget elementor-widget-button\" data-id=\"e861588\" data-element_type=\"widget\" data-e-type=\"widget\" data-widget_type=\"button.default\">\n\t\t\t\t<div class=\"elementor-widget-container\">\n\t\t\t\t\t\t\t\t\t<div class=\"elementor-button-wrapper\">\n\t\t\t\t\t<a class=\"elementor-button elementor-button-link elementor-size-lg\" href=\"https:\/\/herohero.co\/digiandhappy\" target=\"_blank\">\n\t\t\t\t\t\t<span class=\"elementor-button-content-wrapper\">\n\t\t\t\t\t\t<span class=\"elementor-button-icon\">\n\t\t\t\t<i aria-hidden=\"true\" class=\"fas fa-arrow-right\"><\/i>\t\t\t<\/span>\n\t\t\t\t\t\t\t\t\t<span class=\"elementor-button-text\">Be digi and happy too<\/span>\n\t\t\t\t\t<\/span>\n\t\t\t\t\t<\/a>\n\t\t\t\t<\/div>\n\t\t\t\t\t\t\t\t<\/div>\n\t\t\t\t<\/div>\n\t\t\t\t\t<\/div>\n\t\t<\/div>\n\t\t\t\t\t<\/div>\n\t\t<\/section>\n\t\t\t\t<\/div>","protected":false},"excerpt":{"rendered":"<p>DIGI AND HAPPY KOMUNITA Bu\u010fte tak\u00e9 digi and happy Komunita pro v\u0161echny, co si necht\u011bj\u00ed nechat technologie p\u0159er\u016fst p\u0159es hlavu. Dozv\u00edte se informace o tom, jak spr\u00e1vn\u011b nastavit mobil. Z\u00edsk\u00e1te tipy pro digit\u00e1ln\u00ed wellbeing \u010di bezpe\u010dnost na internetu. Ale hlavn\u011b se stanete \u010dlenem komunity se spole\u010dn\u00fdmi z\u00e1jmy. Aby n\u00e1m technologie nep\u0159erostly p\u0159es hlavu. Co je [&hellip;]<\/p>\n","protected":false},"author":5,"featured_media":7501,"parent":0,"menu_order":0,"comment_status":"closed","ping_status":"closed","template":"elementor_header_footer","meta":{"footnotes":""},"class_list":["post-6496","page","type-page","status-publish","has-post-thumbnail","hentry"],"aioseo_notices":[],"_links":{"self":[{"href":"https:\/\/lukasbarda.cz\/english\/wp-json\/wp\/v2\/pages\/6496","targetHints":{"allow":["GET"]}}],"collection":[{"href":"https:\/\/lukasbarda.cz\/english\/wp-json\/wp\/v2\/pages"}],"about":[{"href":"https:\/\/lukasbarda.cz\/english\/wp-json\/wp\/v2\/types\/page"}],"author":[{"embeddable":true,"href":"https:\/\/lukasbarda.cz\/english\/wp-json\/wp\/v2\/users\/5"}],"replies":[{"embeddable":true,"href":"https:\/\/lukasbarda.cz\/english\/wp-json\/wp\/v2\/comments?post=6496"}],"version-history":[{"count":0,"href":"https:\/\/lukasbarda.cz\/english\/wp-json\/wp\/v2\/pages\/6496\/revisions"}],"wp:featuredmedia":[{"embeddable":true,"href":"https:\/\/lukasbarda.cz\/english\/wp-json\/wp\/v2\/media\/7501"}],"wp:attachment":[{"href":"https:\/\/lukasbarda.cz\/english\/wp-json\/wp\/v2\/media?parent=6496"}],"curies":[{"name":"wp","href":"https:\/\/api.w.org\/{rel}","templated":true}]}}